{"id":139,"date":"2024-05-27T12:02:49","date_gmt":"2024-05-27T12:02:49","guid":{"rendered":"https:\/\/pecchia.pastena.ch\/?page_id=139"},"modified":"2024-07-18T13:18:31","modified_gmt":"2024-07-18T13:18:31","slug":"il-viaggio-di-nozze","status":"publish","type":"page","link":"https:\/\/pecchia.pastena.ch\/?page_id=139","title":{"rendered":""},"content":{"rendered":"\n<h1 class=\"wp-block-heading alignwide has-text-align-center has-text-color has-link-color has-brittany-signature-font-family wp-elements-0b0a097855bf82f9adc010aee71adfa3\" style=\"color:#6452549c;font-size:clamp(50.171px, 3.136rem + ((1vw - 3.2px) * 5.662), 100px);\">Aloha<\/h1>\n\n\n<nav class=\"is-responsive items-justified-center alignwide wp-block-navigation has-montserrat-font-family is-content-justification-center is-layout-flex wp-container-core-navigation-is-layout-a89b3969 wp-block-navigation-is-layout-flex\" aria-label=\"Navigation\" \n\t\t data-wp-interactive=\"core\/navigation\" data-wp-context='{\"overlayOpenedBy\":{\"click\":false,\"hover\":false,\"focus\":false},\"type\":\"overlay\",\"roleAttribute\":\"\",\"ariaLabel\":\"Men\\u00fc\"}'><button aria-haspopup=\"dialog\" aria-label=\"Men\u00fc \u00f6ffnen\" class=\"wp-block-navigation__responsive-container-open\" \n\t\t\t\tdata-wp-on--click=\"actions.openMenuOnClick\"\n\t\t\t\tdata-wp-on--keydown=\"actions.handleMenuKeydown\"\n\t\t\t><svg width=\"24\" height=\"24\" xmlns=\"http:\/\/www.w3.org\/2000\/svg\" viewBox=\"0 0 24 24\"><path d=\"M5 5v1.5h14V5H5z\"><\/path><path d=\"M5 12.8h14v-1.5H5v1.5z\"><\/path><path d=\"M5 19h14v-1.5H5V19z\"><\/path><\/svg><\/button>\n\t\t\t\t<div class=\"wp-block-navigation__responsive-container\"  id=\"modal-1\" \n\t\t\t\tdata-wp-class--has-modal-open=\"state.isMenuOpen\"\n\t\t\t\tdata-wp-class--is-menu-open=\"state.isMenuOpen\"\n\t\t\t\tdata-wp-watch=\"callbacks.initMenu\"\n\t\t\t\tdata-wp-on--keydown=\"actions.handleMenuKeydown\"\n\t\t\t\tdata-wp-on--focusout=\"actions.handleMenuFocusout\"\n\t\t\t\ttabindex=\"-1\"\n\t\t\t>\n\t\t\t\t\t<div class=\"wp-block-navigation__responsive-close\" tabindex=\"-1\">\n\t\t\t\t\t\t<div class=\"wp-block-navigation__responsive-dialog\" \n\t\t\t\tdata-wp-bind--aria-modal=\"state.ariaModal\"\n\t\t\t\tdata-wp-bind--aria-label=\"state.ariaLabel\"\n\t\t\t\tdata-wp-bind--role=\"state.roleAttribute\"\n\t\t\t>\n\t\t\t\t\t\t\t<button aria-label=\"Men\u00fc schlie\u00dfen\" class=\"wp-block-navigation__responsive-container-close\" \n\t\t\t\tdata-wp-on--click=\"actions.closeMenuOnClick\"\n\t\t\t><svg xmlns=\"http:\/\/www.w3.org\/2000\/svg\" viewBox=\"0 0 24 24\" width=\"24\" height=\"24\" aria-hidden=\"true\" focusable=\"false\"><path d=\"m13.06 12 6.47-6.47-1.06-1.06L12 10.94 5.53 4.47 4.47 5.53 10.94 12l-6.47 6.47 1.06 1.06L12 13.06l6.47 6.47 1.06-1.06L13.06 12Z\"><\/path><\/svg><\/button>\n\t\t\t\t\t\t\t<div class=\"wp-block-navigation__responsive-container-content\" \n\t\t\t\tdata-wp-watch=\"callbacks.focusFirstElement\"\n\t\t\t id=\"modal-1-content\">\n\t\t\t\t\t\t\t\t<ul class=\"wp-block-navigation__container is-responsive items-justified-center alignwide wp-block-navigation has-montserrat-font-family\"><li class=\" wp-block-navigation-item wp-block-navigation-link\"><a class=\"wp-block-navigation-item__content\"  href=\"https:\/\/pecchia.pastena.ch\/\"><span class=\"wp-block-navigation-item__label\">Home<\/span><\/a><\/li><li class=\" wp-block-navigation-item wp-block-navigation-link\"><a class=\"wp-block-navigation-item__content\"  href=\"https:\/\/pecchia.pastena.ch\/?page_id=112\"><span class=\"wp-block-navigation-item__label\">Our Story<\/span><\/a><\/li><li class=\" wp-block-navigation-item wp-block-navigation-link\"><a class=\"wp-block-navigation-item__content\"  href=\"https:\/\/pecchia.pastena.ch\/?page_id=311\"><span class=\"wp-block-navigation-item__label\">Timeline<\/span><\/a><\/li><li class=\" wp-block-navigation-item wp-block-navigation-link\"><a class=\"wp-block-navigation-item__content\"  href=\"https:\/\/pecchia.pastena.ch\/?page_id=97\"><span class=\"wp-block-navigation-item__label\">Locations<\/span><\/a><\/li><li class=\" wp-block-navigation-item wp-block-navigation-link\"><a class=\"wp-block-navigation-item__content\"  href=\"https:\/\/pecchia.pastena.ch\/?page_id=139\"><span class=\"wp-block-navigation-item__label\">Il viaggio di nozze<\/span><\/a><\/li><li class=\" wp-block-navigation-item wp-block-navigation-link\"><a class=\"wp-block-navigation-item__content\"  href=\"https:\/\/pecchia.pastena.ch\/?page_id=204\"><span class=\"wp-block-navigation-item__label\">Rsvp<\/span><\/a><\/li><\/ul>\n\t\t\t\t\t\t\t<\/div>\n\t\t\t\t\t\t<\/div>\n\t\t\t\t\t<\/div>\n\t\t\t\t<\/div><\/nav>\n\n\n<h2 class=\"wp-block-heading alignwide has-text-align-center has-brittany-signature-font-family\">Il Regalo di Nozze<\/h2>\n\n\n\n<p class=\"has-montserrat-font-family\">Il dono pi\u00f9 bello che possiate farci \u00e8 condividere con noi un momento cos\u00ed importante. Tuttavia, se volete farci un regalo, potete contribuire al salvadanaio per il nostro viaggio di nozze&#8230;<\/p>\n\n\n\n<p class=\"has-montserrat-font-family\">Ogni contributo, grande o piccolo, render\u00e0 il nostro viaggio di nozze ancora pi\u00f9 speciale. Siamo entusiasti di condividere con voi questa avventura e non vediamo l&#8217;ora di tornare con storie meravigliose da raccontare.<\/p>\n\n\n\n<p class=\"has-montserrat-font-family\">Grazie di cuore per il vostro affetto e sostegno.<\/p>\n\n\n\n<p class=\"has-montserrat-font-family\">Per fornirci il vostro contributo, vi baster\u00e0 usare il seguente IBAN:<\/p>\n\n\n\n<p class=\"has-montserrat-font-family\">CHF: <strong>CH42 8080 8003 5392 1923 9<\/strong><\/p>\n\n\n\n<p class=\"has-montserrat-font-family\">Bic\/Swift: RAIFCH22XXX<\/p>\n\n\n\n<p class=\"has-montserrat-font-family\">Intestatario: Giuseppe Pastena Pastena u\/o Pecchia<\/p>\n\n\n\n<p class=\"has-montserrat-font-family\">EUR: <strong>CH58 0900 0000 1642 5104 5<\/strong><\/p>\n\n\n\n<p class=\"has-montserrat-font-family\">Bic\/Swift: POFICHBEXXX<\/p>\n\n\n\n<p class=\"has-montserrat-font-family\">Intestatario: Giuseppe Pastena <\/p>\n\n\n\n<hr class=\"wp-block-separator has-alpha-channel-opacity is-style-wide\"\/>\n\n\n\n<h2 class=\"wp-block-heading alignwide has-text-align-center has-brittany-signature-font-family\">Le nostre tappe<\/h2>\n\n\n\n<h4 class=\"wp-block-heading alignwide has-text-align-center has-montserrat-font-family\">SINGAPORE<\/h4>\n\n\n\n<figure class=\"wp-block-image size-large\"><img loading=\"lazy\" decoding=\"async\" width=\"1024\" height=\"576\" src=\"https:\/\/pecchia.pastena.ch\/wp-content\/uploads\/2024\/06\/singapore-01-1024x576.webp\" alt=\"\" class=\"wp-image-187\" srcset=\"https:\/\/pecchia.pastena.ch\/wp-content\/uploads\/2024\/06\/singapore-01-1024x576.webp 1024w, https:\/\/pecchia.pastena.ch\/wp-content\/uploads\/2024\/06\/singapore-01-300x169.webp 300w, https:\/\/pecchia.pastena.ch\/wp-content\/uploads\/2024\/06\/singapore-01-768x432.webp 768w, https:\/\/pecchia.pastena.ch\/wp-content\/uploads\/2024\/06\/singapore-01-1536x864.webp 1536w, https:\/\/pecchia.pastena.ch\/wp-content\/uploads\/2024\/06\/singapore-01.webp 1920w\" sizes=\"auto, (max-width: 1024px) 100vw, 1024px\" \/><\/figure>\n\n\n\n<h4 class=\"wp-block-heading alignwide has-text-align-center has-montserrat-font-family\">AUSTRALIA<\/h4>\n\n\n\n<figure class=\"wp-block-image size-full\"><img loading=\"lazy\" decoding=\"async\" width=\"1000\" height=\"667\" src=\"https:\/\/pecchia.pastena.ch\/wp-content\/uploads\/2024\/06\/image.jpg\" alt=\"\" class=\"wp-image-319\" srcset=\"https:\/\/pecchia.pastena.ch\/wp-content\/uploads\/2024\/06\/image.jpg 1000w, https:\/\/pecchia.pastena.ch\/wp-content\/uploads\/2024\/06\/image-300x200.jpg 300w, https:\/\/pecchia.pastena.ch\/wp-content\/uploads\/2024\/06\/image-768x512.jpg 768w\" sizes=\"auto, (max-width: 1000px) 100vw, 1000px\" \/><\/figure>\n\n\n\n<h4 class=\"wp-block-heading alignwide has-text-align-center has-montserrat-font-family\">RAJA AMPAT<\/h4>\n\n\n\n<figure class=\"wp-block-image size-full is-resized\"><img loading=\"lazy\" decoding=\"async\" width=\"1024\" height=\"503\" src=\"https:\/\/pecchia.pastena.ch\/wp-content\/uploads\/2024\/06\/shutterstock_1592674681_n0fn0r.jpg\" alt=\"\" class=\"wp-image-320\" style=\"width:650px;height:auto\" srcset=\"https:\/\/pecchia.pastena.ch\/wp-content\/uploads\/2024\/06\/shutterstock_1592674681_n0fn0r.jpg 1024w, https:\/\/pecchia.pastena.ch\/wp-content\/uploads\/2024\/06\/shutterstock_1592674681_n0fn0r-300x147.jpg 300w, https:\/\/pecchia.pastena.ch\/wp-content\/uploads\/2024\/06\/shutterstock_1592674681_n0fn0r-768x377.jpg 768w\" sizes=\"auto, (max-width: 1024px) 100vw, 1024px\" \/><\/figure>\n","protected":false},"excerpt":{"rendered":"<p>Aloha Il Regalo di Nozze Il dono pi\u00f9 bello che possiate farci \u00e8 condividere con noi un momento cos\u00ed importante. Tuttavia, se volete farci un regalo, potete contribuire al salvadanaio per il nostro viaggio di nozze&#8230; Ogni contributo, grande o piccolo, render\u00e0 il nostro viaggio di nozze ancora pi\u00f9 speciale. Siamo entusiasti di condividere con [&hellip;]<\/p>\n","protected":false},"author":1,"featured_media":0,"parent":0,"menu_order":0,"comment_status":"closed","ping_status":"closed","template":"","meta":{"footnotes":""},"class_list":["post-139","page","type-page","status-publish","hentry"],"_links":{"self":[{"href":"https:\/\/pecchia.pastena.ch\/index.php?rest_route=\/wp\/v2\/pages\/139","targetHints":{"allow":["GET"]}}],"collection":[{"href":"https:\/\/pecchia.pastena.ch\/index.php?rest_route=\/wp\/v2\/pages"}],"about":[{"href":"https:\/\/pecchia.pastena.ch\/index.php?rest_route=\/wp\/v2\/types\/page"}],"author":[{"embeddable":true,"href":"https:\/\/pecchia.pastena.ch\/index.php?rest_route=\/wp\/v2\/users\/1"}],"replies":[{"embeddable":true,"href":"https:\/\/pecchia.pastena.ch\/index.php?rest_route=%2Fwp%2Fv2%2Fcomments&post=139"}],"version-history":[{"count":17,"href":"https:\/\/pecchia.pastena.ch\/index.php?rest_route=\/wp\/v2\/pages\/139\/revisions"}],"predecessor-version":[{"id":339,"href":"https:\/\/pecchia.pastena.ch\/index.php?rest_route=\/wp\/v2\/pages\/139\/revisions\/339"}],"wp:attachment":[{"href":"https:\/\/pecchia.pastena.ch\/index.php?rest_route=%2Fwp%2Fv2%2Fmedia&parent=139"}],"curies":[{"name":"wp","href":"https:\/\/api.w.org\/{rel}","templated":true}]}}